{"id":397,"date":"2022-04-12T01:42:31","date_gmt":"2022-04-11T22:42:31","guid":{"rendered":"https:\/\/wdrteknoloji.com.tr\/demo\/?page_id=397"},"modified":"2022-04-21T18:29:46","modified_gmt":"2022-04-21T15:29:46","slug":"iot-hizmetleri","status":"publish","type":"page","link":"https:\/\/wdrteknoloji.com.tr\/index.php\/iot-hizmetleri\/","title":{"rendered":"IOT Hizmetleri"},"content":{"rendered":"<div class=\"post-content\"><div id=\"pl-397\"  class=\"panel-layout\" ><div id=\"pg-397-0\"  class=\"panel-grid panel-has-style\" ><div class=\"panel-row-style panel-row-style-for-397-0\" ><div id=\"pgc-397-0-0\"  class=\"panel-grid-cell panel-grid-cell-empty\" ><\/div><div id=\"pgc-397-0-1\"  class=\"panel-grid-cell panel-grid-cell-mobile-last\" ><div id=\"panel-397-0-1-0\" class=\"so-panel widget widget_sow-editor panel-first-child panel-last-child\" data-index=\"0\" ><div class=\"so-widget-sow-editor so-widget-sow-editor-base\">\n<div class=\"siteorigin-widget-tinymce textwidget\">\n\t<p>K\u0131saltmas\u0131 IoT olan \u201cInternet of Things\u201d teriminin T\u00fcrk\u00e7edeki kar\u015f\u0131l\u0131\u011f\u0131 olarak sunulan nesnelerin interneti, g\u00fcnl\u00fck hayatta kullan\u0131lan nesnelerin internet sayesinde di\u011fer nesneler ile veri al\u0131\u015fveri\u015fi yapabilmesini ve nesnelerin birbiriyle tam olarak senkronizasyon halinde olmalar\u0131n\u0131 sa\u011flayan bir teknolojidir. Bu teknoloji ortamlardan verileri toplamay\u0131, g\u00f6ndermeyi ve \u00fczerinde i\u015flem yapmay\u0131 sa\u011flayan web \u00f6zellikli ak\u0131ll\u0131 cihazlardan olu\u015fur. Nesnelerin interneti cihazlar\u0131, toplanan verileri bir a\u011f ge\u00e7idi ile aktar\u0131r, verilerin analiz edilebilece\u011fi bir bulut sistemine veya farkl\u0131 bir u\u00e7 cihaza ba\u011flayarak payla\u015f\u0131r. Nesnelerin interneti cihazlar\u0131 bir\u00e7o\u011funu i\u015flerini insan m\u00fcdahalesi olmadan, di\u011fer ilgili cihazlar ile ileti\u015fim kurarak birbirinden ald\u0131klar\u0131 bilgiler do\u011frultusunda ger\u00e7ekle\u015ftirir.<\/p>\n<h4><span style=\"color: #000000;\"><strong>IOT Hizmetlerimiz<\/strong><\/span><\/h4>\n<ul>\n<li style=\"list-style-type: none;\">\n<ul>\n<li><span style=\"color: #000000;\">Enerji \u0130zleme<\/span><\/li>\n<li><span style=\"color: #000000;\">Makina Verimlilik Takibi<\/span><\/li>\n<li><span style=\"color: #000000;\">\u00c7al\u0131\u015fan Verimlilik Takibi<\/span><\/li>\n<li><span style=\"color: #000000;\">Envanter ve Varl\u0131k Takibi<\/span><\/li>\n<li><span style=\"color: #000000;\">Forklift &amp; AGV Takibi<\/span><\/li>\n<li><span style=\"color: #000000;\">Ortam Ko\u015fullar\u0131 Takibi<\/span><\/li>\n<li><span style=\"color: #000000;\">Ara\u00e7 Takip \u00c7\u00f6z\u00fcmleri<\/span><\/li>\n<li><span style=\"color: #000000;\">Nesne Takip \u00c7\u00f6z\u00fcmleri<\/span><\/li>\n<li><span style=\"color: #000000;\">Yak\u0131t Y\u00f6netim \u00c7\u00f6z\u00fcm\u00fc<\/span><\/li>\n<li><span style=\"color: #000000;\">So\u011fuk Zincir Takip \u00c7\u00f6z\u00fcm\u00fc<\/span><\/li>\n<li><span style=\"color: #000000;\">Servis Ara\u00e7lar\u0131 Takip \u00c7\u00f6z\u00fcm\u00fc<\/span><\/li>\n<li><span style=\"color: #000000;\">G\u00fcvenli Y\u00fck Ta\u015f\u0131ma \u00c7\u00f6z\u00fcm\u00fc<\/span><\/li>\n<\/ul>\n<\/li>\n<\/ul>\n<\/div>\n<\/div><\/div><\/div><div id=\"pgc-397-0-2\"  class=\"panel-grid-cell panel-grid-cell-empty\" ><\/div><\/div><\/div><div id=\"pg-397-1\"  class=\"panel-grid panel-has-style\" ><div class=\"panel-row-style panel-row-style-for-397-1\" ><div id=\"pgc-397-1-0\"  class=\"panel-grid-cell panel-grid-cell-empty\" ><\/div><div id=\"pgc-397-1-1\"  class=\"panel-grid-cell panel-grid-cell-mobile-last\" ><div id=\"panel-397-1-1-0\" class=\"so-panel widget widget_sow-editor panel-first-child\" data-index=\"1\" ><div class=\"so-widget-sow-editor so-widget-sow-editor-base\">\n<div class=\"siteorigin-widget-tinymce textwidget\">\n\t<\/div>\n<\/div><\/div><div id=\"panel-397-1-1-1\" class=\"so-panel widget widget_siteorigin-panels-builder panel-last-child\" data-index=\"2\" ><div id=\"pl-w6261786aa39c1\"  class=\"panel-layout\" ><div id=\"pg-w6261786aa39c1-0\"  class=\"panel-grid panel-no-style\" ><div id=\"pgc-w6261786aa39c1-0-0\"  class=\"panel-grid-cell\" ><div id=\"panel-w6261786aa39c1-0-0-0\" class=\"so-panel widget widget_sow-editor panel-first-child panel-last-child\" data-index=\"0\" ><div class=\"so-widget-sow-editor so-widget-sow-editor-base\">\n<div class=\"siteorigin-widget-tinymce textwidget\">\n\t<h4 class=\"section-title\"><span style=\"color: #ffffff;\"><strong>WDR Teknoloji<\/strong><\/span><\/h4>\n<p><span style=\"color: #ffffff;\">WDR Teknoloji, T\u00fcm T\u00fcrkiyedeki servis a\u011f\u0131yla \u0130zmir merkezli, elektronik g\u00fcvenlik teknolojileri , IOT, bili\u015fim ve yaz\u0131l\u0131m alanlar\u0131n\u0131 tek \u00e7at\u0131 alt\u0131nda toplayabilen, ihtiya\u00e7 duyulan bu alanlarda m\u00fc\u015fterilerine engin tecr\u00fcbesi ve ekibiyle, hizmet veren bir firmad\u0131r.<\/span><\/p>\n<\/div>\n<\/div><\/div><\/div><div id=\"pgc-w6261786aa39c1-0-1\"  class=\"panel-grid-cell\" ><div id=\"panel-w6261786aa39c1-0-1-0\" class=\"so-panel widget widget_sow-editor panel-first-child panel-last-child\" data-index=\"1\" ><div class=\"so-widget-sow-editor so-widget-sow-editor-base\">\n<div class=\"siteorigin-widget-tinymce textwidget\">\n\t<h4><span style=\"color: #ffffff;\">Men\u00fcler<\/span><\/h4>\n<ul>\n<li><span style=\"color: #ffffff;\">Zay\u0131f Ak\u0131m Sistemleri<\/span><\/li>\n<li><span style=\"color: #ffffff;\">Alarm ve Haber Alma Merkezi<\/span><\/li>\n<li><span style=\"color: #ffffff;\">IOT Hizmetleri<\/span><\/li>\n<li><span style=\"color: #ffffff;\">Bilgi Teknolojileri<\/span><\/li>\n<li><span style=\"color: #ffffff;\">Hakk\u0131m\u0131zda<\/span><\/li>\n<li><span style=\"color: #ffffff;\">\u0130leti\u015fim<\/span><\/li>\n<\/ul>\n<\/div>\n<\/div><\/div><\/div><div id=\"pgc-w6261786aa39c1-0-2\"  class=\"panel-grid-cell\" ><div id=\"panel-w6261786aa39c1-0-2-0\" class=\"so-panel widget widget_sow-editor panel-first-child panel-last-child\" data-index=\"2\" ><div class=\"so-widget-sow-editor so-widget-sow-editor-base\">\n<div class=\"siteorigin-widget-tinymce textwidget\">\n\t<h4><span style=\"color: #ffffff;\">Bize Ula\u015f\u0131n\u00a0<\/span><\/h4>\n<p><span style=\"color: #ffffff;\">Adresimiz :\u00a0 1145\/9 Sokak No:2 D.52 Eldenler \u0130\u015fmerkezi Konak \/ \u0130zmir<\/span><\/p>\n<p><span style=\"color: #ffffff;\">Telefon : 444 95 21<\/span><\/p>\n<p><span style=\"color: #ffffff;\">Email : <a style=\"color: #ffffff;\" href=\"https:\/\/wdrteknoloji.com.tr\/demo\/\">teknoloji@wdrteknoloji.com.tr<\/a><\/span><\/p>\n<\/div>\n<\/div><\/div><\/div><div id=\"pgc-w6261786aa39c1-0-3\"  class=\"panel-grid-cell\" ><div id=\"panel-w6261786aa39c1-0-3-0\" class=\"so-panel widget widget_sow-editor panel-first-child panel-last-child\" data-index=\"3\" ><div class=\"so-widget-sow-editor so-widget-sow-editor-base\">\n<div class=\"siteorigin-widget-tinymce textwidget\">\n\t<p><iframe src=\"https:\/\/www.google.com\/maps\/embed?pb=!1m18!1m12!1m3!1d12502.870618341543!2d27.159960869775382!3d38.42488940000001!2m3!1f0!2f0!3f0!3m2!1i1024!2i768!4f13.1!3m3!1m2!1s0x14bbd9be872d20b1%3A0xbb829db129870ad6!2sWDR%20TEKNOLOJ%C4%B0!5e0!3m2!1str!2str!4v1650554860426!5m2!1str!2str\" width=\"250\" height=\"300\" style=\"border:0;\" allowfullscreen=\"\" loading=\"lazy\" referrerpolicy=\"no-referrer-when-downgrade\"><\/iframe><\/p>\n<\/div>\n<\/div><\/div><\/div><\/div><\/div><\/div><\/div><div id=\"pgc-397-1-2\"  class=\"panel-grid-cell panel-grid-cell-empty\" ><\/div><\/div><\/div><\/div><\/div>","protected":false},"excerpt":{"rendered":"<p>K\u0131saltmas\u0131 IoT olan \u201cInternet of Things\u201d teriminin T\u00fcrk\u00e7edeki kar\u015f\u0131l\u0131\u011f\u0131 olarak sunulan nesnelerin interneti, g\u00fcnl\u00fck hayatta<a href=\"https:\/\/wdrteknoloji.com.tr\/index.php\/iot-hizmetleri\/\" class=\"bizsmart-read-more\">Continue Reading<i class=\"fa fa-long-arrow-right\" aria-hidden=\"true\"><\/i><\/a><\/p>\n","protected":false},"author":1,"featured_media":0,"parent":0,"menu_order":0,"comment_status":"closed","ping_status":"closed","template":"page-templates\/full-width.php","meta":[],"_links":{"self":[{"href":"https:\/\/wdrteknoloji.com.tr\/index.php\/wp-json\/wp\/v2\/pages\/397"}],"collection":[{"href":"https:\/\/wdrteknoloji.com.tr\/index.php\/wp-json\/wp\/v2\/pages"}],"about":[{"href":"https:\/\/wdrteknoloji.com.tr\/index.php\/wp-json\/wp\/v2\/types\/page"}],"author":[{"embeddable":true,"href":"https:\/\/wdrteknoloji.com.tr\/index.php\/wp-json\/wp\/v2\/users\/1"}],"replies":[{"embeddable":true,"href":"https:\/\/wdrteknoloji.com.tr\/index.php\/wp-json\/wp\/v2\/comments?post=397"}],"version-history":[{"count":5,"href":"https:\/\/wdrteknoloji.com.tr\/index.php\/wp-json\/wp\/v2\/pages\/397\/revisions"}],"predecessor-version":[{"id":424,"href":"https:\/\/wdrteknoloji.com.tr\/index.php\/wp-json\/wp\/v2\/pages\/397\/revisions\/424"}],"wp:attachment":[{"href":"https:\/\/wdrteknoloji.com.tr\/index.php\/wp-json\/wp\/v2\/media?parent=397"}],"curies":[{"name":"wp","href":"https:\/\/api.w.org\/{rel}","templated":true}]}}