{"id":392,"date":"2022-04-12T01:36:34","date_gmt":"2022-04-11T22:36:34","guid":{"rendered":"https:\/\/wdrteknoloji.com.tr\/demo\/?page_id=392"},"modified":"2022-04-21T18:32:13","modified_gmt":"2022-04-21T15:32:13","slug":"alarm-ve-haber-alma-merkezi","status":"publish","type":"page","link":"https:\/\/wdrteknoloji.com.tr\/index.php\/alarm-ve-haber-alma-merkezi\/","title":{"rendered":"Alarm ve Haber Alma Merkezi"},"content":{"rendered":"<div class=\"post-content\"><div id=\"pl-392\"  class=\"panel-layout\" ><div id=\"pg-392-0\"  class=\"panel-grid panel-has-style\" ><div class=\"panel-row-style panel-row-style-for-392-0\" ><div id=\"pgc-392-0-0\"  class=\"panel-grid-cell panel-grid-cell-empty\" ><\/div><div id=\"pgc-392-0-1\"  class=\"panel-grid-cell panel-grid-cell-mobile-last\" ><div id=\"panel-392-0-1-0\" class=\"so-panel widget widget_sow-editor panel-first-child panel-last-child\" data-index=\"0\" ><div class=\"so-widget-sow-editor so-widget-sow-editor-base\">\n<div class=\"siteorigin-widget-tinymce textwidget\">\n\t<h4>Alarm haber alma merkezi y\u0131lda 365 g\u00fcn, g\u00fcnde 24 saat e\u011fitimli uzmanlar taraf\u0131ndan 24 saat \u00e7al\u0131\u015fan, son derece g\u00fcvenli bir izleme istasyonudur. AHM ekipleri, izinsiz giri\u015f alarmlar\u0131n\u0131, yang\u0131n alarmlar\u0131n\u0131, panik alarmlar\u0131n\u0131, savunmas\u0131z insan izleme sistemlerini ve CCTV'yi izlemek i\u00e7in e\u011fitilmi\u015ftir.<\/h4>\n<p>&nbsp;<\/p>\n<p><img loading=\"lazy\" class=\"alignnone size-full wp-image-335\" src=\"https:\/\/wdrteknoloji.com.tr\/demo\/wp-content\/uploads\/2022\/04\/g4.jpg\" alt=\"\" width=\"1600\" height=\"550\" srcset=\"https:\/\/wdrteknoloji.com.tr\/wp-content\/uploads\/2022\/04\/g4.jpg 1600w, https:\/\/wdrteknoloji.com.tr\/wp-content\/uploads\/2022\/04\/g4-300x103.jpg 300w, https:\/\/wdrteknoloji.com.tr\/wp-content\/uploads\/2022\/04\/g4-1024x352.jpg 1024w, https:\/\/wdrteknoloji.com.tr\/wp-content\/uploads\/2022\/04\/g4-768x264.jpg 768w, https:\/\/wdrteknoloji.com.tr\/wp-content\/uploads\/2022\/04\/g4-1536x528.jpg 1536w\" sizes=\"(max-width: 1600px) 100vw, 1600px\" \/><\/p>\n<\/div>\n<\/div><\/div><\/div><div id=\"pgc-392-0-2\"  class=\"panel-grid-cell panel-grid-cell-empty\" ><\/div><\/div><\/div><div id=\"pg-392-1\"  class=\"panel-grid panel-has-style\" ><div class=\"panel-row-style panel-row-style-for-392-1\" ><div id=\"pgc-392-1-0\"  class=\"panel-grid-cell panel-grid-cell-empty\" ><\/div><div id=\"pgc-392-1-1\"  class=\"panel-grid-cell panel-grid-cell-mobile-last\" ><div id=\"panel-392-1-1-0\" class=\"so-panel widget widget_sow-editor panel-first-child\" data-index=\"1\" ><div class=\"so-widget-sow-editor so-widget-sow-editor-base\">\n<div class=\"siteorigin-widget-tinymce textwidget\">\n\t<\/div>\n<\/div><\/div><div id=\"panel-392-1-1-1\" class=\"so-panel widget widget_siteorigin-panels-builder panel-last-child\" data-index=\"2\" ><div id=\"pl-w626178fcf3bb4\"  class=\"panel-layout\" ><div id=\"pg-w626178fcf3bb4-0\"  class=\"panel-grid panel-no-style\" ><div id=\"pgc-w626178fcf3bb4-0-0\"  class=\"panel-grid-cell\" ><div id=\"panel-w626178fcf3bb4-0-0-0\" class=\"so-panel widget widget_sow-editor panel-first-child panel-last-child\" data-index=\"0\" ><div class=\"so-widget-sow-editor so-widget-sow-editor-base\">\n<div class=\"siteorigin-widget-tinymce textwidget\">\n\t<h4 class=\"section-title\"><span style=\"color: #ffffff;\"><strong>WDR Teknoloji<\/strong><\/span><\/h4>\n<p><span style=\"color: #ffffff;\">WDR Teknoloji, T\u00fcm T\u00fcrkiyedeki servis a\u011f\u0131yla \u0130zmir merkezli, elektronik g\u00fcvenlik teknolojileri , IOT, bili\u015fim ve yaz\u0131l\u0131m alanlar\u0131n\u0131 tek \u00e7at\u0131 alt\u0131nda toplayabilen, ihtiya\u00e7 duyulan bu alanlarda m\u00fc\u015fterilerine engin tecr\u00fcbesi ve ekibiyle, hizmet veren bir firmad\u0131r.<\/span><\/p>\n<\/div>\n<\/div><\/div><\/div><div id=\"pgc-w626178fcf3bb4-0-1\"  class=\"panel-grid-cell\" ><div id=\"panel-w626178fcf3bb4-0-1-0\" class=\"so-panel widget widget_sow-editor panel-first-child panel-last-child\" data-index=\"1\" ><div class=\"so-widget-sow-editor so-widget-sow-editor-base\">\n<div class=\"siteorigin-widget-tinymce textwidget\">\n\t<h4><span style=\"color: #ffffff;\">Men\u00fcler<\/span><\/h4>\n<ul>\n<li><span style=\"color: #ffffff;\">Zay\u0131f Ak\u0131m Sistemleri<\/span><\/li>\n<li><span style=\"color: #ffffff;\">Alarm ve Haber Alma Merkezi<\/span><\/li>\n<li><span style=\"color: #ffffff;\">IOT Hizmetleri<\/span><\/li>\n<li><span style=\"color: #ffffff;\">Bilgi Teknolojileri<\/span><\/li>\n<li><span style=\"color: #ffffff;\">Hakk\u0131m\u0131zda<\/span><\/li>\n<li><span style=\"color: #ffffff;\">\u0130leti\u015fim<\/span><\/li>\n<\/ul>\n<\/div>\n<\/div><\/div><\/div><div id=\"pgc-w626178fcf3bb4-0-2\"  class=\"panel-grid-cell\" ><div id=\"panel-w626178fcf3bb4-0-2-0\" class=\"so-panel widget widget_sow-editor panel-first-child panel-last-child\" data-index=\"2\" ><div class=\"so-widget-sow-editor so-widget-sow-editor-base\">\n<div class=\"siteorigin-widget-tinymce textwidget\">\n\t<h4><span style=\"color: #ffffff;\">Bize Ula\u015f\u0131n\u00a0<\/span><\/h4>\n<p><span style=\"color: #ffffff;\">Adresimiz :\u00a0 1145\/9 Sokak No:2 D.52 Eldenler \u0130\u015fmerkezi Konak \/ \u0130zmir<\/span><\/p>\n<p><span style=\"color: #ffffff;\">Telefon : 444 95 21<\/span><\/p>\n<p><span style=\"color: #ffffff;\">Email : <a style=\"color: #ffffff;\" href=\"https:\/\/wdrteknoloji.com.tr\/demo\/\">teknoloji@wdrteknoloji.com.tr<\/a><\/span><\/p>\n<\/div>\n<\/div><\/div><\/div><div id=\"pgc-w626178fcf3bb4-0-3\"  class=\"panel-grid-cell\" ><div id=\"panel-w626178fcf3bb4-0-3-0\" class=\"so-panel widget widget_sow-editor panel-first-child panel-last-child\" data-index=\"3\" ><div class=\"so-widget-sow-editor so-widget-sow-editor-base\">\n<div class=\"siteorigin-widget-tinymce textwidget\">\n\t<p><iframe src=\"https:\/\/www.google.com\/maps\/embed?pb=!1m18!1m12!1m3!1d12502.870618341543!2d27.159960869775382!3d38.42488940000001!2m3!1f0!2f0!3f0!3m2!1i1024!2i768!4f13.1!3m3!1m2!1s0x14bbd9be872d20b1%3A0xbb829db129870ad6!2sWDR%20TEKNOLOJ%C4%B0!5e0!3m2!1str!2str!4v1650554860426!5m2!1str!2str\" width=\"250\" height=\"300\" style=\"border:0;\" allowfullscreen=\"\" loading=\"lazy\" referrerpolicy=\"no-referrer-when-downgrade\"><\/iframe><\/p>\n<\/div>\n<\/div><\/div><\/div><\/div><\/div><\/div><\/div><div id=\"pgc-392-1-2\"  class=\"panel-grid-cell panel-grid-cell-empty\" ><\/div><\/div><\/div><\/div><\/div>","protected":false},"excerpt":{"rendered":"<p>Alarm haber alma merkezi y\u0131lda 365 g\u00fcn, g\u00fcnde 24 saat e\u011fitimli uzmanlar taraf\u0131ndan 24 saat<a href=\"https:\/\/wdrteknoloji.com.tr\/index.php\/alarm-ve-haber-alma-merkezi\/\" class=\"bizsmart-read-more\">Continue Reading<i class=\"fa fa-long-arrow-right\" aria-hidden=\"true\"><\/i><\/a><\/p>\n","protected":false},"author":1,"featured_media":0,"parent":0,"menu_order":0,"comment_status":"closed","ping_status":"closed","template":"page-templates\/full-width.php","meta":[],"_links":{"self":[{"href":"https:\/\/wdrteknoloji.com.tr\/index.php\/wp-json\/wp\/v2\/pages\/392"}],"collection":[{"href":"https:\/\/wdrteknoloji.com.tr\/index.php\/wp-json\/wp\/v2\/pages"}],"about":[{"href":"https:\/\/wdrteknoloji.com.tr\/index.php\/wp-json\/wp\/v2\/types\/page"}],"author":[{"embeddable":true,"href":"https:\/\/wdrteknoloji.com.tr\/index.php\/wp-json\/wp\/v2\/users\/1"}],"replies":[{"embeddable":true,"href":"https:\/\/wdrteknoloji.com.tr\/index.php\/wp-json\/wp\/v2\/comments?post=392"}],"version-history":[{"count":8,"href":"https:\/\/wdrteknoloji.com.tr\/index.php\/wp-json\/wp\/v2\/pages\/392\/revisions"}],"predecessor-version":[{"id":432,"href":"https:\/\/wdrteknoloji.com.tr\/index.php\/wp-json\/wp\/v2\/pages\/392\/revisions\/432"}],"wp:attachment":[{"href":"https:\/\/wdrteknoloji.com.tr\/index.php\/wp-json\/wp\/v2\/media?parent=392"}],"curies":[{"name":"wp","href":"https:\/\/api.w.org\/{rel}","templated":true}]}}