{"id":381,"date":"2022-04-12T01:24:28","date_gmt":"2022-04-11T22:24:28","guid":{"rendered":"https:\/\/wdrteknoloji.com.tr\/demo\/?page_id=381"},"modified":"2022-04-21T18:29:10","modified_gmt":"2022-04-21T15:29:10","slug":"zayif-akim-sistemleri","status":"publish","type":"page","link":"https:\/\/wdrteknoloji.com.tr\/index.php\/zayif-akim-sistemleri\/","title":{"rendered":"Zay\u0131f Ak\u0131m Sistemleri"},"content":{"rendered":"<div class=\"post-content\"><div id=\"pl-381\"  class=\"panel-layout\" ><div id=\"pg-381-0\"  class=\"panel-grid panel-has-style\" ><div class=\"panel-row-style panel-row-style-for-381-0\" ><div id=\"pgc-381-0-0\"  class=\"panel-grid-cell panel-grid-cell-empty\" ><\/div><div id=\"pgc-381-0-1\"  class=\"panel-grid-cell panel-grid-cell-mobile-last\" ><div id=\"panel-381-0-1-0\" class=\"so-panel widget widget_sow-editor panel-first-child panel-last-child\" data-index=\"0\" ><div class=\"so-widget-sow-editor so-widget-sow-editor-base\">\n<div class=\"siteorigin-widget-tinymce textwidget\">\n\t<p>Zay\u0131f ak\u0131m sistemleri; yap\u0131lar\u0131n i\u00e7erisindeki bilgi ak\u0131\u015f\u0131n\u0131n, ileti\u015fimin, kontrol ve g\u00fcvenli\u011fin d\u00fczenlenmesini ve y\u00f6netilmesini sa\u011flayan sistemlerdir. <\/p>\n<h3><strong>Zay\u0131f Ak\u0131m Sistemleri Hizmetlerimiz<\/strong><\/h3>\n<ul>\n<li><span style=\"color: #000000;\">Kamera sistemleri<\/span><\/li>\n<li><span style=\"color: #000000;\">H\u0131rs\u0131z Alarm \u0130hbar \u00c7\u00f6z\u00fcmleri<\/span><\/li>\n<li><span style=\"color: #000000;\">Yangin Alg\u0131lama Ve ihbar Sistemleri<\/span><\/li>\n<li><span style=\"color: #000000;\">Acil Anons Ve Seslendirme Sistemleri<\/span><\/li>\n<li><span style=\"color: #000000;\">Alarm Haber Alma Merkezi<\/span><\/li>\n<li><span style=\"color: #000000;\">Ara\u00e7 Kamera \u00c7\u00f6z\u00fcmleri<\/span><\/li>\n<li><span style=\"color: #000000;\">Bariyer \u00c7\u00f6z\u00fcmleri<\/span><\/li>\n<li><span style=\"color: #000000;\">Hgs - Ogs Sistemleri<\/span><\/li>\n<li><span style=\"color: #000000;\">Plaka Okuma Sistemleri<\/span><\/li>\n<li><span style=\"color: #000000;\">Otopark Y\u00f6netim \u00c7\u00f6z\u00fcmleri<\/span><\/li>\n<li><span style=\"color: #000000;\">Parmak \u0130zi Ge\u00e7i\u015f Kontrol Sistemleri<\/span><\/li>\n<li><span style=\"color: #000000;\">Y\u00fcz Tan\u0131ma Ge\u00e7i\u015f Kontrol Sistemleri<\/span><\/li>\n<li><span style=\"color: #000000;\">Turnike Sistemleri<\/span><\/li>\n<li><span style=\"color: #000000;\">Ge\u00e7i\u015f Kontrol Sistemleri<\/span><\/li>\n<li><span style=\"color: #000000;\">Ak\u0131ll\u0131 Ev sistemleri<\/span><\/li>\n<\/ul>\n<\/div>\n<\/div><\/div><\/div><div id=\"pgc-381-0-2\"  class=\"panel-grid-cell panel-grid-cell-empty\" ><\/div><\/div><\/div><div id=\"pg-381-1\"  class=\"panel-grid panel-has-style\" ><div class=\"panel-row-style panel-row-style-for-381-1\" ><div id=\"pgc-381-1-0\"  class=\"panel-grid-cell panel-grid-cell-empty\" ><\/div><div id=\"pgc-381-1-1\"  class=\"panel-grid-cell panel-grid-cell-mobile-last\" ><div id=\"panel-381-1-1-0\" class=\"so-panel widget widget_sow-editor panel-first-child panel-last-child\" data-index=\"1\" ><div class=\"so-widget-sow-editor so-widget-sow-editor-base\">\n<div class=\"siteorigin-widget-tinymce textwidget\">\n\t<p><img loading=\"lazy\" class=\"alignnone size-full wp-image-332\" src=\"https:\/\/wdrteknoloji.com.tr\/demo\/wp-content\/uploads\/2022\/04\/g0.jpg\" alt=\"\" width=\"1600\" height=\"550\" srcset=\"https:\/\/wdrteknoloji.com.tr\/wp-content\/uploads\/2022\/04\/g0.jpg 1600w, https:\/\/wdrteknoloji.com.tr\/wp-content\/uploads\/2022\/04\/g0-300x103.jpg 300w, https:\/\/wdrteknoloji.com.tr\/wp-content\/uploads\/2022\/04\/g0-1024x352.jpg 1024w, https:\/\/wdrteknoloji.com.tr\/wp-content\/uploads\/2022\/04\/g0-768x264.jpg 768w, https:\/\/wdrteknoloji.com.tr\/wp-content\/uploads\/2022\/04\/g0-1536x528.jpg 1536w\" sizes=\"(max-width: 1600px) 100vw, 1600px\" \/><\/p>\n<\/div>\n<\/div><\/div><\/div><div id=\"pgc-381-1-2\"  class=\"panel-grid-cell panel-grid-cell-empty\" ><\/div><\/div><\/div><div id=\"pg-381-2\"  class=\"panel-grid panel-has-style\" ><div class=\"panel-row-style panel-row-style-for-381-2\" ><div id=\"pgc-381-2-0\"  class=\"panel-grid-cell panel-grid-cell-empty\" ><\/div><div id=\"pgc-381-2-1\"  class=\"panel-grid-cell panel-grid-cell-mobile-last\" ><div id=\"panel-381-2-1-0\" class=\"so-panel widget widget_sow-editor panel-first-child\" data-index=\"2\" ><div class=\"so-widget-sow-editor so-widget-sow-editor-base\">\n<div class=\"siteorigin-widget-tinymce textwidget\">\n\t<\/div>\n<\/div><\/div><div id=\"panel-381-2-1-1\" class=\"so-panel widget widget_siteorigin-panels-builder panel-last-child\" data-index=\"3\" ><div id=\"pl-w6261784634bc0\"  class=\"panel-layout\" ><div id=\"pg-w6261784634bc0-0\"  class=\"panel-grid panel-no-style\" ><div id=\"pgc-w6261784634bc0-0-0\"  class=\"panel-grid-cell\" ><div id=\"panel-w6261784634bc0-0-0-0\" class=\"so-panel widget widget_sow-editor panel-first-child panel-last-child\" data-index=\"0\" ><div class=\"so-widget-sow-editor so-widget-sow-editor-base\">\n<div class=\"siteorigin-widget-tinymce textwidget\">\n\t<h4 class=\"section-title\"><span style=\"color: #ffffff;\"><strong>WDR Teknoloji<\/strong><\/span><\/h4>\n<p><span style=\"color: #ffffff;\">WDR Teknoloji, T\u00fcm T\u00fcrkiyedeki servis a\u011f\u0131yla \u0130zmir merkezli, elektronik g\u00fcvenlik teknolojileri , IOT, bili\u015fim ve yaz\u0131l\u0131m alanlar\u0131n\u0131 tek \u00e7at\u0131 alt\u0131nda toplayabilen, ihtiya\u00e7 duyulan bu alanlarda m\u00fc\u015fterilerine engin tecr\u00fcbesi ve ekibiyle, hizmet veren bir firmad\u0131r.<\/span><\/p>\n<\/div>\n<\/div><\/div><\/div><div id=\"pgc-w6261784634bc0-0-1\"  class=\"panel-grid-cell\" ><div id=\"panel-w6261784634bc0-0-1-0\" class=\"so-panel widget widget_sow-editor panel-first-child panel-last-child\" data-index=\"1\" ><div class=\"so-widget-sow-editor so-widget-sow-editor-base\">\n<div class=\"siteorigin-widget-tinymce textwidget\">\n\t<h4><span style=\"color: #ffffff;\">Men\u00fcler<\/span><\/h4>\n<ul>\n<li><span style=\"color: #ffffff;\">Zay\u0131f Ak\u0131m Sistemleri<\/span><\/li>\n<li><span style=\"color: #ffffff;\">Alarm ve Haber Alma Merkezi<\/span><\/li>\n<li><span style=\"color: #ffffff;\">IOT Hizmetleri<\/span><\/li>\n<li><span style=\"color: #ffffff;\">Bilgi Teknolojileri<\/span><\/li>\n<li><span style=\"color: #ffffff;\">Hakk\u0131m\u0131zda<\/span><\/li>\n<li><span style=\"color: #ffffff;\">\u0130leti\u015fim<\/span><\/li>\n<\/ul>\n<\/div>\n<\/div><\/div><\/div><div id=\"pgc-w6261784634bc0-0-2\"  class=\"panel-grid-cell\" ><div id=\"panel-w6261784634bc0-0-2-0\" class=\"so-panel widget widget_sow-editor panel-first-child panel-last-child\" data-index=\"2\" ><div class=\"so-widget-sow-editor so-widget-sow-editor-base\">\n<div class=\"siteorigin-widget-tinymce textwidget\">\n\t<h4><span style=\"color: #ffffff;\">Bize Ula\u015f\u0131n\u00a0<\/span><\/h4>\n<p><span style=\"color: #ffffff;\">Adresimiz :\u00a0 1145\/9 Sokak No:2 D.52 Eldenler \u0130\u015fmerkezi Konak \/ \u0130zmir<\/span><\/p>\n<p><span style=\"color: #ffffff;\">Telefon : 444 95 21<\/span><\/p>\n<p><span style=\"color: #ffffff;\">Email : <a style=\"color: #ffffff;\" href=\"https:\/\/wdrteknoloji.com.tr\/demo\/\">teknoloji@wdrteknoloji.com.tr<\/a><\/span><\/p>\n<\/div>\n<\/div><\/div><\/div><div id=\"pgc-w6261784634bc0-0-3\"  class=\"panel-grid-cell\" ><div id=\"panel-w6261784634bc0-0-3-0\" class=\"so-panel widget widget_sow-editor panel-first-child panel-last-child\" data-index=\"3\" ><div class=\"so-widget-sow-editor so-widget-sow-editor-base\">\n<div class=\"siteorigin-widget-tinymce textwidget\">\n\t<p><iframe src=\"https:\/\/www.google.com\/maps\/embed?pb=!1m18!1m12!1m3!1d12502.870618341543!2d27.159960869775382!3d38.42488940000001!2m3!1f0!2f0!3f0!3m2!1i1024!2i768!4f13.1!3m3!1m2!1s0x14bbd9be872d20b1%3A0xbb829db129870ad6!2sWDR%20TEKNOLOJ%C4%B0!5e0!3m2!1str!2str!4v1650554860426!5m2!1str!2str\" width=\"250\" height=\"300\" style=\"border:0;\" allowfullscreen=\"\" loading=\"lazy\" referrerpolicy=\"no-referrer-when-downgrade\"><\/iframe><\/p>\n<\/div>\n<\/div><\/div><\/div><\/div><\/div><\/div><\/div><div id=\"pgc-381-2-2\"  class=\"panel-grid-cell panel-grid-cell-empty\" ><\/div><\/div><\/div><\/div><\/div>","protected":false},"excerpt":{"rendered":"<p>Zay\u0131f ak\u0131m sistemleri; yap\u0131lar\u0131n i\u00e7erisindeki bilgi ak\u0131\u015f\u0131n\u0131n, ileti\u015fimin, kontrol ve g\u00fcvenli\u011fin d\u00fczenlenmesini ve y\u00f6netilmesini sa\u011flayan<a href=\"https:\/\/wdrteknoloji.com.tr\/index.php\/zayif-akim-sistemleri\/\" class=\"bizsmart-read-more\">Continue Reading<i class=\"fa fa-long-arrow-right\" aria-hidden=\"true\"><\/i><\/a><\/p>\n","protected":false},"author":1,"featured_media":0,"parent":0,"menu_order":0,"comment_status":"closed","ping_status":"closed","template":"page-templates\/full-width.php","meta":[],"_links":{"self":[{"href":"https:\/\/wdrteknoloji.com.tr\/index.php\/wp-json\/wp\/v2\/pages\/381"}],"collection":[{"href":"https:\/\/wdrteknoloji.com.tr\/index.php\/wp-json\/wp\/v2\/pages"}],"about":[{"href":"https:\/\/wdrteknoloji.com.tr\/index.php\/wp-json\/wp\/v2\/types\/page"}],"author":[{"embeddable":true,"href":"https:\/\/wdrteknoloji.com.tr\/index.php\/wp-json\/wp\/v2\/users\/1"}],"replies":[{"embeddable":true,"href":"https:\/\/wdrteknoloji.com.tr\/index.php\/wp-json\/wp\/v2\/comments?post=381"}],"version-history":[{"count":8,"href":"https:\/\/wdrteknoloji.com.tr\/index.php\/wp-json\/wp\/v2\/pages\/381\/revisions"}],"predecessor-version":[{"id":423,"href":"https:\/\/wdrteknoloji.com.tr\/index.php\/wp-json\/wp\/v2\/pages\/381\/revisions\/423"}],"wp:attachment":[{"href":"https:\/\/wdrteknoloji.com.tr\/index.php\/wp-json\/wp\/v2\/media?parent=381"}],"curies":[{"name":"wp","href":"https:\/\/api.w.org\/{rel}","templated":true}]}}