{"id":27,"date":"2021-10-05T23:13:10","date_gmt":"2021-10-05T20:13:10","guid":{"rendered":"https:\/\/wdrteknoloji.com.tr\/demo\/?page_id=27"},"modified":"2022-04-21T18:30:22","modified_gmt":"2022-04-21T15:30:22","slug":"hakkimizda","status":"publish","type":"page","link":"https:\/\/wdrteknoloji.com.tr\/index.php\/hakkimizda\/","title":{"rendered":"Hakk\u0131m\u0131zda"},"content":{"rendered":"<div class=\"post-content\"><div id=\"pl-27\"  class=\"panel-layout\" ><div id=\"pg-27-0\"  class=\"panel-grid panel-has-style\" ><div class=\"panel-row-style panel-row-style-for-27-0\" ><div id=\"pgc-27-0-0\"  class=\"panel-grid-cell panel-grid-cell-empty\" ><\/div><div id=\"pgc-27-0-1\"  class=\"panel-grid-cell panel-grid-cell-mobile-last\" ><div id=\"panel-27-0-1-0\" class=\"so-panel widget widget_sow-editor panel-first-child panel-last-child\" data-index=\"0\" ><div class=\"so-widget-sow-editor so-widget-sow-editor-base\">\n<div class=\"siteorigin-widget-tinymce textwidget\">\n\t<h4>WWDR Teknoloji, T\u00fcm T\u00fcrkiyedeki servis a\u011f\u0131yla elektronik g\u00fcvenlik teknolojileri , IOT, Bili\u015fim ve Yaz\u0131l\u0131m alanlar\u0131n\u0131 tek \u00e7at\u0131 alt\u0131nda toplayabilen, ihtiya\u00e7 duyulan bu alanlarda m\u00fc\u015fterilerine engin tecr\u00fcbesi ve ekibiyle, hizmet veren bir firmad\u0131r. <\/h4>\n<p><img loading=\"lazy\" class=\"alignnone size-full wp-image-375\" src=\"https:\/\/wdrteknoloji.com.tr\/demo\/wp-content\/uploads\/2022\/04\/kurumsal_yonetim_nav_gatw.jpg\" alt=\"\" width=\"960\" height=\"360\" srcset=\"https:\/\/wdrteknoloji.com.tr\/wp-content\/uploads\/2022\/04\/kurumsal_yonetim_nav_gatw.jpg 960w, https:\/\/wdrteknoloji.com.tr\/wp-content\/uploads\/2022\/04\/kurumsal_yonetim_nav_gatw-300x113.jpg 300w, https:\/\/wdrteknoloji.com.tr\/wp-content\/uploads\/2022\/04\/kurumsal_yonetim_nav_gatw-768x288.jpg 768w\" sizes=\"(max-width: 960px) 100vw, 960px\" \/><\/p>\n<\/div>\n<\/div><\/div><\/div><div id=\"pgc-27-0-2\"  class=\"panel-grid-cell panel-grid-cell-empty\" ><\/div><\/div><\/div><div id=\"pg-27-1\"  class=\"panel-grid panel-has-style\" ><div class=\"panel-row-style panel-row-style-for-27-1\" ><div id=\"pgc-27-1-0\"  class=\"panel-grid-cell panel-grid-cell-empty\" ><\/div><div id=\"pgc-27-1-1\"  class=\"panel-grid-cell panel-grid-cell-mobile-last\" ><div id=\"panel-27-1-1-0\" class=\"so-panel widget widget_sow-editor panel-first-child\" data-index=\"1\" ><div class=\"so-widget-sow-editor so-widget-sow-editor-base\">\n<div class=\"siteorigin-widget-tinymce textwidget\">\n\t<\/div>\n<\/div><\/div><div id=\"panel-27-1-1-1\" class=\"so-panel widget widget_siteorigin-panels-builder panel-last-child\" data-index=\"2\" ><div id=\"pl-w6261788e2adfc\"  class=\"panel-layout\" ><div id=\"pg-w6261788e2adfc-0\"  class=\"panel-grid panel-no-style\" ><div id=\"pgc-w6261788e2adfc-0-0\"  class=\"panel-grid-cell\" ><div id=\"panel-w6261788e2adfc-0-0-0\" class=\"so-panel widget widget_sow-editor panel-first-child panel-last-child\" data-index=\"0\" ><div class=\"so-widget-sow-editor so-widget-sow-editor-base\">\n<div class=\"siteorigin-widget-tinymce textwidget\">\n\t<h4 class=\"section-title\"><span style=\"color: #ffffff;\"><strong>WDR Teknoloji<\/strong><\/span><\/h4>\n<p><span style=\"color: #ffffff;\">WDR Teknoloji, T\u00fcm T\u00fcrkiyedeki servis a\u011f\u0131yla \u0130zmir merkezli, elektronik g\u00fcvenlik teknolojileri , IOT, bili\u015fim ve yaz\u0131l\u0131m alanlar\u0131n\u0131 tek \u00e7at\u0131 alt\u0131nda toplayabilen, ihtiya\u00e7 duyulan bu alanlarda m\u00fc\u015fterilerine engin tecr\u00fcbesi ve ekibiyle, hizmet veren bir firmad\u0131r.<\/span><\/p>\n<\/div>\n<\/div><\/div><\/div><div id=\"pgc-w6261788e2adfc-0-1\"  class=\"panel-grid-cell\" ><div id=\"panel-w6261788e2adfc-0-1-0\" class=\"so-panel widget widget_sow-editor panel-first-child panel-last-child\" data-index=\"1\" ><div class=\"so-widget-sow-editor so-widget-sow-editor-base\">\n<div class=\"siteorigin-widget-tinymce textwidget\">\n\t<h4><span style=\"color: #ffffff;\">Men\u00fcler<\/span><\/h4>\n<ul>\n<li><span style=\"color: #ffffff;\">Zay\u0131f Ak\u0131m Sistemleri<\/span><\/li>\n<li><span style=\"color: #ffffff;\">Alarm ve Haber Alma Merkezi<\/span><\/li>\n<li><span style=\"color: #ffffff;\">IOT Hizmetleri<\/span><\/li>\n<li><span style=\"color: #ffffff;\">Bilgi Teknolojileri<\/span><\/li>\n<li><span style=\"color: #ffffff;\">Hakk\u0131m\u0131zda<\/span><\/li>\n<li><span style=\"color: #ffffff;\">\u0130leti\u015fim<\/span><\/li>\n<\/ul>\n<\/div>\n<\/div><\/div><\/div><div id=\"pgc-w6261788e2adfc-0-2\"  class=\"panel-grid-cell\" ><div id=\"panel-w6261788e2adfc-0-2-0\" class=\"so-panel widget widget_sow-editor panel-first-child panel-last-child\" data-index=\"2\" ><div class=\"so-widget-sow-editor so-widget-sow-editor-base\">\n<div class=\"siteorigin-widget-tinymce textwidget\">\n\t<h4><span style=\"color: #ffffff;\">Bize Ula\u015f\u0131n\u00a0<\/span><\/h4>\n<p><span style=\"color: #ffffff;\">Adresimiz :\u00a0 1145\/9 Sokak No:2 D.52 Eldenler \u0130\u015fmerkezi Konak \/ \u0130zmir<\/span><\/p>\n<p><span style=\"color: #ffffff;\">Telefon : 444 95 21<\/span><\/p>\n<p><span style=\"color: #ffffff;\">Email : <a style=\"color: #ffffff;\" href=\"https:\/\/wdrteknoloji.com.tr\/demo\/\">teknoloji@wdrteknoloji.com.tr<\/a><\/span><\/p>\n<\/div>\n<\/div><\/div><\/div><div id=\"pgc-w6261788e2adfc-0-3\"  class=\"panel-grid-cell\" ><div id=\"panel-w6261788e2adfc-0-3-0\" class=\"so-panel widget widget_sow-editor panel-first-child panel-last-child\" data-index=\"3\" ><div class=\"so-widget-sow-editor so-widget-sow-editor-base\">\n<div class=\"siteorigin-widget-tinymce textwidget\">\n\t<p><iframe src=\"https:\/\/www.google.com\/maps\/embed?pb=!1m18!1m12!1m3!1d12502.870618341543!2d27.159960869775382!3d38.42488940000001!2m3!1f0!2f0!3f0!3m2!1i1024!2i768!4f13.1!3m3!1m2!1s0x14bbd9be872d20b1%3A0xbb829db129870ad6!2sWDR%20TEKNOLOJ%C4%B0!5e0!3m2!1str!2str!4v1650554860426!5m2!1str!2str\" width=\"250\" height=\"300\" style=\"border:0;\" allowfullscreen=\"\" loading=\"lazy\" referrerpolicy=\"no-referrer-when-downgrade\"><\/iframe><\/p>\n<\/div>\n<\/div><\/div><\/div><\/div><\/div><\/div><\/div><div id=\"pgc-27-1-2\"  class=\"panel-grid-cell panel-grid-cell-empty\" ><\/div><\/div><\/div><\/div><\/div>","protected":false},"excerpt":{"rendered":"<p>WWDR Teknoloji, T\u00fcm T\u00fcrkiyedeki servis a\u011f\u0131yla elektronik g\u00fcvenlik teknolojileri , IOT, Bili\u015fim ve Yaz\u0131l\u0131m alanlar\u0131n\u0131<a href=\"https:\/\/wdrteknoloji.com.tr\/index.php\/hakkimizda\/\" class=\"bizsmart-read-more\">Continue Reading<i class=\"fa fa-long-arrow-right\" aria-hidden=\"true\"><\/i><\/a><\/p>\n","protected":false},"author":1,"featured_media":0,"parent":0,"menu_order":0,"comment_status":"closed","ping_status":"closed","template":"page-templates\/full-width.php","meta":[],"_links":{"self":[{"href":"https:\/\/wdrteknoloji.com.tr\/index.php\/wp-json\/wp\/v2\/pages\/27"}],"collection":[{"href":"https:\/\/wdrteknoloji.com.tr\/index.php\/wp-json\/wp\/v2\/pages"}],"about":[{"href":"https:\/\/wdrteknoloji.com.tr\/index.php\/wp-json\/wp\/v2\/types\/page"}],"author":[{"embeddable":true,"href":"https:\/\/wdrteknoloji.com.tr\/index.php\/wp-json\/wp\/v2\/users\/1"}],"replies":[{"embeddable":true,"href":"https:\/\/wdrteknoloji.com.tr\/index.php\/wp-json\/wp\/v2\/comments?post=27"}],"version-history":[{"count":9,"href":"https:\/\/wdrteknoloji.com.tr\/index.php\/wp-json\/wp\/v2\/pages\/27\/revisions"}],"predecessor-version":[{"id":426,"href":"https:\/\/wdrteknoloji.com.tr\/index.php\/wp-json\/wp\/v2\/pages\/27\/revisions\/426"}],"wp:attachment":[{"href":"https:\/\/wdrteknoloji.com.tr\/index.php\/wp-json\/wp\/v2\/media?parent=27"}],"curies":[{"name":"wp","href":"https:\/\/api.w.org\/{rel}","templated":true}]}}